{"id":212,"date":"2024-05-15T11:04:04","date_gmt":"2024-05-15T09:04:04","guid":{"rendered":"https:\/\/pinaroca.com\/?page_id=212"},"modified":"2024-07-25T11:46:02","modified_gmt":"2024-07-25T09:46:02","slug":"calidad-y-seguridad-alimentaria","status":"publish","type":"page","link":"https:\/\/pinaroca.com\/en\/calidad-y-seguridad-alimentaria\/","title":{"rendered":"SEGURIDAD ALIMENTARIA"},"content":{"rendered":"<div data-elementor-type=\"wp-page\" data-elementor-id=\"212\" class=\"elementor elementor-212\" data-elementor-post-type=\"page\">\n\t\t\t\t<div class=\"elementor-element elementor-element-e96b16e e-flex e-con-boxed e-con e-parent\" data-id=\"e96b16e\" data-element_type=\"container\" data-settings=\"{&quot;background_background&quot;:&quot;classic&quot;}\">\n\t\t\t\t\t<div class=\"e-con-inner\">\n\t\t<div class=\"elementor-element elementor-element-31e2e81 e-flex e-con-boxed elementor-invisible e-con e-child\" data-id=\"31e2e81\" data-element_type=\"container\" data-settings=\"{&quot;animation&quot;:&quot;fadeInUp&quot;}\">\n\t\t\t\t\t<div class=\"e-con-inner\">\n\t\t\t\t<div class=\"elementor-element elementor-element-15ad499 elementor-widget elementor-widget-text-editor\" data-id=\"15ad499\" data-element_type=\"widget\" data-widget_type=\"text-editor.default\">\n\t\t\t\t<div class=\"elementor-widget-container\">\n\t\t\t\t\t\t\t\t\t<p>NUESTRO COMPROMISO CON<\/p>\t\t\t\t\t\t\t\t<\/div>\n\t\t\t\t<\/div>\n\t\t\t\t<div class=\"elementor-element elementor-element-dbd615f elementor-widget elementor-widget-heading\" data-id=\"dbd615f\" data-element_type=\"widget\" data-widget_type=\"heading.default\">\n\t\t\t\t<div class=\"elementor-widget-container\">\n\t\t\t\t\t<h6 class=\"elementor-heading-title elementor-size-default\"><i>la Calidad y la Seguridad Alimentaria<\/i><\/h6>\t\t\t\t<\/div>\n\t\t\t\t<\/div>\n\t\t\t\t\t<\/div>\n\t\t\t\t<\/div>\n\t\t<div class=\"elementor-element elementor-element-082b212 animated-slow e-flex e-con-boxed elementor-invisible e-con e-child\" data-id=\"082b212\" data-element_type=\"container\" data-settings=\"{&quot;motion_fx_motion_fx_scrolling&quot;:&quot;yes&quot;,&quot;motion_fx_translateY_effect&quot;:&quot;yes&quot;,&quot;animation&quot;:&quot;fadeInUp&quot;,&quot;motion_fx_translateY_speed&quot;:{&quot;unit&quot;:&quot;px&quot;,&quot;size&quot;:4,&quot;sizes&quot;:[]},&quot;motion_fx_translateY_affectedRange&quot;:{&quot;unit&quot;:&quot;%&quot;,&quot;size&quot;:&quot;&quot;,&quot;sizes&quot;:{&quot;start&quot;:0,&quot;end&quot;:100}},&quot;motion_fx_devices&quot;:[&quot;desktop&quot;,&quot;tablet&quot;,&quot;mobile&quot;]}\">\n\t\t\t\t\t<div class=\"e-con-inner\">\n\t\t\t\t<div class=\"elementor-element elementor-element-029d525 elementor-widget elementor-widget-image\" data-id=\"029d525\" data-element_type=\"widget\" data-widget_type=\"image.default\">\n\t\t\t\t<div class=\"elementor-widget-container\">\n\t\t\t\t\t\t\t\t\t\t\t\t\t\t\t<img fetchpriority=\"high\" decoding=\"async\" width=\"800\" height=\"121\" src=\"https:\/\/pinaroca.com\/wp-content\/uploads\/2024\/05\/COMILLAS-1-1024x155.png\" class=\"attachment-large size-large wp-image-217\" alt=\"Separador l\u00edneas con comillas\" srcset=\"https:\/\/pinaroca.com\/wp-content\/uploads\/2024\/05\/COMILLAS-1-1024x155.png 1024w, https:\/\/pinaroca.com\/wp-content\/uploads\/2024\/05\/COMILLAS-1-300x46.png 300w, https:\/\/pinaroca.com\/wp-content\/uploads\/2024\/05\/COMILLAS-1-768x117.png 768w, https:\/\/pinaroca.com\/wp-content\/uploads\/2024\/05\/COMILLAS-1.png 1080w\" sizes=\"(max-width: 800px) 100vw, 800px\" \/>\t\t\t\t\t\t\t\t\t\t\t\t\t\t\t<\/div>\n\t\t\t\t<\/div>\n\t\t<div class=\"elementor-element elementor-element-b6cc720 e-flex e-con-boxed e-con e-child\" data-id=\"b6cc720\" data-element_type=\"container\">\n\t\t\t\t\t<div class=\"e-con-inner\">\n\t\t\t\t<div class=\"elementor-element elementor-element-24b9b35 elementor-widget elementor-widget-heading\" data-id=\"24b9b35\" data-element_type=\"widget\" data-widget_type=\"heading.default\">\n\t\t\t\t<div class=\"elementor-widget-container\">\n\t\t\t\t\t<h2 class=\"elementor-heading-title elementor-size-default\">la calidad y la seguridad alimentaria son pilares fundamentales que gu\u00edan todas nuestras operaciones.<\/h2>\t\t\t\t<\/div>\n\t\t\t\t<\/div>\n\t\t\t\t\t<\/div>\n\t\t\t\t<\/div>\n\t\t\t\t\t<\/div>\n\t\t\t\t<\/div>\n\t\t<div class=\"elementor-element elementor-element-969afd5 animated-slow e-flex e-con-boxed elementor-invisible e-con e-child\" data-id=\"969afd5\" data-element_type=\"container\" data-settings=\"{&quot;motion_fx_motion_fx_scrolling&quot;:&quot;yes&quot;,&quot;motion_fx_translateY_effect&quot;:&quot;yes&quot;,&quot;animation&quot;:&quot;fadeInUp&quot;,&quot;motion_fx_translateY_speed&quot;:{&quot;unit&quot;:&quot;px&quot;,&quot;size&quot;:4,&quot;sizes&quot;:[]},&quot;motion_fx_translateY_affectedRange&quot;:{&quot;unit&quot;:&quot;%&quot;,&quot;size&quot;:&quot;&quot;,&quot;sizes&quot;:{&quot;start&quot;:0,&quot;end&quot;:100}},&quot;motion_fx_devices&quot;:[&quot;desktop&quot;,&quot;tablet&quot;,&quot;mobile&quot;]}\">\n\t\t\t\t\t<div class=\"e-con-inner\">\n\t\t\t\t<div class=\"elementor-element elementor-element-a3e261f elementor-widget elementor-widget-image\" data-id=\"a3e261f\" data-element_type=\"widget\" data-widget_type=\"image.default\">\n\t\t\t\t<div class=\"elementor-widget-container\">\n\t\t\t\t\t\t\t\t\t\t\t\t\t\t\t<img decoding=\"async\" width=\"800\" height=\"800\" src=\"https:\/\/pinaroca.com\/wp-content\/uploads\/2024\/05\/ICONO-HUEVOS-1024x1024.png\" class=\"attachment-large size-large wp-image-596\" alt=\"Icono huevos de oca png\" srcset=\"https:\/\/pinaroca.com\/wp-content\/uploads\/2024\/05\/ICONO-HUEVOS-1024x1024.png 1024w, https:\/\/pinaroca.com\/wp-content\/uploads\/2024\/05\/ICONO-HUEVOS-300x300.png 300w, https:\/\/pinaroca.com\/wp-content\/uploads\/2024\/05\/ICONO-HUEVOS-150x150.png 150w, https:\/\/pinaroca.com\/wp-content\/uploads\/2024\/05\/ICONO-HUEVOS-768x768.png 768w, https:\/\/pinaroca.com\/wp-content\/uploads\/2024\/05\/ICONO-HUEVOS-12x12.png 12w, https:\/\/pinaroca.com\/wp-content\/uploads\/2024\/05\/ICONO-HUEVOS.png 1080w\" sizes=\"(max-width: 800px) 100vw, 800px\" \/>\t\t\t\t\t\t\t\t\t\t\t\t\t\t\t<\/div>\n\t\t\t\t<\/div>\n\t\t\t\t<div class=\"elementor-element elementor-element-081d7b1 elementor-widget elementor-widget-heading\" data-id=\"081d7b1\" data-element_type=\"widget\" data-widget_type=\"heading.default\">\n\t\t\t\t<div class=\"elementor-widget-container\">\n\t\t\t\t\t<h2 class=\"elementor-heading-title elementor-size-default\">Nos esforzamos por ofrecer los huevos de nuestras ocas con la <i>m\u00e1s alta calidad<\/i>, producidos de manera segura, \u00e9tica y responsable.  <i>Garantizamos la trazabilidad de nuestro producto<\/i> y estamos comprometidos en mantener los m\u00e1s altos est\u00e1ndares de higiene y seguridad alimentaria en cada etapa del proceso de producci\u00f3n y distribuci\u00f3n.\n\nEn este sentido, mantenemos estrictos <i>controles de calidad<\/i> en la producci\u00f3n y manejo de los huevos. \nAseguramos, adem\u00e1s, la transparencia y la comunicaci\u00f3n abierta con nuestros clientes, proporcionando siempre <i>informaci\u00f3n clara y precisa <\/i>sobre el origen y la calidad de nuestros huevos, respondiendo de manera honesta a cualquier consulta.<\/h2>\t\t\t\t<\/div>\n\t\t\t\t<\/div>\n\t\t\t\t\t<\/div>\n\t\t\t\t<\/div>\n\t\t\t\t\t<\/div>\n\t\t\t\t<\/div>\n\t\t\t\t<\/div>","protected":false},"excerpt":{"rendered":"<p>NUESTRO COMPROMISO CON la Calidad y la Seguridad Alimentaria la calidad y la seguridad alimentaria son pilares fundamentales que gu\u00edan todas nuestras operaciones. Nos esforzamos por ofrecer los huevos de nuestras ocas con la m\u00e1s alta calidad, producidos de manera segura, \u00e9tica y responsable. Garantizamos la trazabilidad de nuestro producto y estamos comprometidos en mantener [&hellip;]<\/p>","protected":false},"author":1,"featured_media":0,"parent":0,"menu_order":0,"comment_status":"closed","ping_status":"closed","template":"","meta":{"iawp_total_views":157,"footnotes":""},"class_list":["post-212","page","type-page","status-publish","hentry"],"yoast_head":"<!-- This site is optimized with the Yoast SEO plugin v24.5 - https:\/\/yoast.com\/wordpress\/plugins\/seo\/ -->\n<title>SEGURIDAD ALIMENTARIA - Pinaroca<\/title>\n<meta name=\"description\" content=\"Nos esforzamos por ofrecer los huevos de nuestras ocas con la m\u00e1s alta calidad, producidos de manera segura, \u00e9tica y responsable.\" \/>\n<meta name=\"robots\" content=\"index, follow, max-snippet:-1, max-image-preview:large, max-video-preview:-1\" \/>\n<link rel=\"canonical\" href=\"https:\/\/pinaroca.com\/en\/calidad-y-seguridad-alimentaria\/\" \/>\n<meta property=\"og:locale\" content=\"en_GB\" \/>\n<meta property=\"og:type\" content=\"article\" \/>\n<meta property=\"og:title\" content=\"SEGURIDAD ALIMENTARIA - Pinaroca\" \/>\n<meta property=\"og:description\" content=\"Nos esforzamos por ofrecer los huevos de nuestras ocas con la m\u00e1s alta calidad, producidos de manera segura, \u00e9tica y responsable.\" \/>\n<meta property=\"og:url\" content=\"https:\/\/pinaroca.com\/en\/calidad-y-seguridad-alimentaria\/\" \/>\n<meta property=\"og:site_name\" content=\"Pinaroca\" \/>\n<meta property=\"article:modified_time\" content=\"2024-07-25T09:46:02+00:00\" \/>\n<meta property=\"og:image\" content=\"https:\/\/pinaroca.com\/wp-content\/uploads\/2024\/05\/COMILLAS-1-1024x155.png\" \/>\n<meta name=\"twitter:card\" content=\"summary_large_image\" \/>\n<meta name=\"twitter:label1\" content=\"Estimated reading time\" \/>\n\t<meta name=\"twitter:data1\" content=\"1 minute\" \/>\n<script type=\"application\/ld+json\" class=\"yoast-schema-graph\">{\"@context\":\"https:\/\/schema.org\",\"@graph\":[{\"@type\":\"WebPage\",\"@id\":\"https:\/\/pinaroca.com\/calidad-y-seguridad-alimentaria\/\",\"url\":\"https:\/\/pinaroca.com\/calidad-y-seguridad-alimentaria\/\",\"name\":\"SEGURIDAD ALIMENTARIA - Pinaroca\",\"isPartOf\":{\"@id\":\"https:\/\/pinaroca.com\/#website\"},\"primaryImageOfPage\":{\"@id\":\"https:\/\/pinaroca.com\/calidad-y-seguridad-alimentaria\/#primaryimage\"},\"image\":{\"@id\":\"https:\/\/pinaroca.com\/calidad-y-seguridad-alimentaria\/#primaryimage\"},\"thumbnailUrl\":\"https:\/\/pinaroca.com\/wp-content\/uploads\/2024\/05\/COMILLAS-1-1024x155.png\",\"datePublished\":\"2024-05-15T09:04:04+00:00\",\"dateModified\":\"2024-07-25T09:46:02+00:00\",\"description\":\"Nos esforzamos por ofrecer los huevos de nuestras ocas con la m\u00e1s alta calidad, producidos de manera segura, \u00e9tica y responsable.\",\"breadcrumb\":{\"@id\":\"https:\/\/pinaroca.com\/calidad-y-seguridad-alimentaria\/#breadcrumb\"},\"inLanguage\":\"en-GB\",\"potentialAction\":[{\"@type\":\"ReadAction\",\"target\":[\"https:\/\/pinaroca.com\/calidad-y-seguridad-alimentaria\/\"]}]},{\"@type\":\"ImageObject\",\"inLanguage\":\"en-GB\",\"@id\":\"https:\/\/pinaroca.com\/calidad-y-seguridad-alimentaria\/#primaryimage\",\"url\":\"https:\/\/pinaroca.com\/wp-content\/uploads\/2024\/05\/COMILLAS-1-1024x155.png\",\"contentUrl\":\"https:\/\/pinaroca.com\/wp-content\/uploads\/2024\/05\/COMILLAS-1-1024x155.png\"},{\"@type\":\"BreadcrumbList\",\"@id\":\"https:\/\/pinaroca.com\/calidad-y-seguridad-alimentaria\/#breadcrumb\",\"itemListElement\":[{\"@type\":\"ListItem\",\"position\":1,\"name\":\"Portada\",\"item\":\"https:\/\/pinaroca.com\/\"},{\"@type\":\"ListItem\",\"position\":2,\"name\":\"SEGURIDAD ALIMENTARIA\"}]},{\"@type\":\"WebSite\",\"@id\":\"https:\/\/pinaroca.com\/#website\",\"url\":\"https:\/\/pinaroca.com\/\",\"name\":\"Pinaroca\",\"description\":\"\",\"publisher\":{\"@id\":\"https:\/\/pinaroca.com\/#organization\"},\"potentialAction\":[{\"@type\":\"SearchAction\",\"target\":{\"@type\":\"EntryPoint\",\"urlTemplate\":\"https:\/\/pinaroca.com\/?s={search_term_string}\"},\"query-input\":{\"@type\":\"PropertyValueSpecification\",\"valueRequired\":true,\"valueName\":\"search_term_string\"}}],\"inLanguage\":\"en-GB\"},{\"@type\":\"Organization\",\"@id\":\"https:\/\/pinaroca.com\/#organization\",\"name\":\"Pinaroca\",\"url\":\"https:\/\/pinaroca.com\/\",\"logo\":{\"@type\":\"ImageObject\",\"inLanguage\":\"en-GB\",\"@id\":\"https:\/\/pinaroca.com\/#\/schema\/logo\/image\/\",\"url\":\"https:\/\/pinaroca.com\/wp-content\/uploads\/2024\/04\/AAFF-LOGO-PINAROCA-13-1.png\",\"contentUrl\":\"https:\/\/pinaroca.com\/wp-content\/uploads\/2024\/04\/AAFF-LOGO-PINAROCA-13-1.png\",\"width\":4500,\"height\":794,\"caption\":\"Pinaroca\"},\"image\":{\"@id\":\"https:\/\/pinaroca.com\/#\/schema\/logo\/image\/\"}}]}<\/script>\n<!-- \/ Yoast SEO plugin. -->","yoast_head_json":{"title":"SEGURIDAD ALIMENTARIA - Pinaroca","description":"Nos esforzamos por ofrecer los huevos de nuestras ocas con la m\u00e1s alta calidad, producidos de manera segura, \u00e9tica y responsable.","robots":{"index":"index","follow":"follow","max-snippet":"max-snippet:-1","max-image-preview":"max-image-preview:large","max-video-preview":"max-video-preview:-1"},"canonical":"https:\/\/pinaroca.com\/en\/calidad-y-seguridad-alimentaria\/","og_locale":"en_GB","og_type":"article","og_title":"SEGURIDAD ALIMENTARIA - Pinaroca","og_description":"Nos esforzamos por ofrecer los huevos de nuestras ocas con la m\u00e1s alta calidad, producidos de manera segura, \u00e9tica y responsable.","og_url":"https:\/\/pinaroca.com\/en\/calidad-y-seguridad-alimentaria\/","og_site_name":"Pinaroca","article_modified_time":"2024-07-25T09:46:02+00:00","og_image":[{"url":"https:\/\/pinaroca.com\/wp-content\/uploads\/2024\/05\/COMILLAS-1-1024x155.png","type":"","width":"","height":""}],"twitter_card":"summary_large_image","twitter_misc":{"Estimated reading time":"1 minute"},"schema":{"@context":"https:\/\/schema.org","@graph":[{"@type":"WebPage","@id":"https:\/\/pinaroca.com\/calidad-y-seguridad-alimentaria\/","url":"https:\/\/pinaroca.com\/calidad-y-seguridad-alimentaria\/","name":"SEGURIDAD ALIMENTARIA - Pinaroca","isPartOf":{"@id":"https:\/\/pinaroca.com\/#website"},"primaryImageOfPage":{"@id":"https:\/\/pinaroca.com\/calidad-y-seguridad-alimentaria\/#primaryimage"},"image":{"@id":"https:\/\/pinaroca.com\/calidad-y-seguridad-alimentaria\/#primaryimage"},"thumbnailUrl":"https:\/\/pinaroca.com\/wp-content\/uploads\/2024\/05\/COMILLAS-1-1024x155.png","datePublished":"2024-05-15T09:04:04+00:00","dateModified":"2024-07-25T09:46:02+00:00","description":"Nos esforzamos por ofrecer los huevos de nuestras ocas con la m\u00e1s alta calidad, producidos de manera segura, \u00e9tica y responsable.","breadcrumb":{"@id":"https:\/\/pinaroca.com\/calidad-y-seguridad-alimentaria\/#breadcrumb"},"inLanguage":"en-GB","potentialAction":[{"@type":"ReadAction","target":["https:\/\/pinaroca.com\/calidad-y-seguridad-alimentaria\/"]}]},{"@type":"ImageObject","inLanguage":"en-GB","@id":"https:\/\/pinaroca.com\/calidad-y-seguridad-alimentaria\/#primaryimage","url":"https:\/\/pinaroca.com\/wp-content\/uploads\/2024\/05\/COMILLAS-1-1024x155.png","contentUrl":"https:\/\/pinaroca.com\/wp-content\/uploads\/2024\/05\/COMILLAS-1-1024x155.png"},{"@type":"BreadcrumbList","@id":"https:\/\/pinaroca.com\/calidad-y-seguridad-alimentaria\/#breadcrumb","itemListElement":[{"@type":"ListItem","position":1,"name":"Portada","item":"https:\/\/pinaroca.com\/"},{"@type":"ListItem","position":2,"name":"SEGURIDAD ALIMENTARIA"}]},{"@type":"WebSite","@id":"https:\/\/pinaroca.com\/#website","url":"https:\/\/pinaroca.com\/","name":"Pinaroca","description":"","publisher":{"@id":"https:\/\/pinaroca.com\/#organization"},"potentialAction":[{"@type":"SearchAction","target":{"@type":"EntryPoint","urlTemplate":"https:\/\/pinaroca.com\/?s={search_term_string}"},"query-input":{"@type":"PropertyValueSpecification","valueRequired":true,"valueName":"search_term_string"}}],"inLanguage":"en-GB"},{"@type":"Organization","@id":"https:\/\/pinaroca.com\/#organization","name":"Pinaroca","url":"https:\/\/pinaroca.com\/","logo":{"@type":"ImageObject","inLanguage":"en-GB","@id":"https:\/\/pinaroca.com\/#\/schema\/logo\/image\/","url":"https:\/\/pinaroca.com\/wp-content\/uploads\/2024\/04\/AAFF-LOGO-PINAROCA-13-1.png","contentUrl":"https:\/\/pinaroca.com\/wp-content\/uploads\/2024\/04\/AAFF-LOGO-PINAROCA-13-1.png","width":4500,"height":794,"caption":"Pinaroca"},"image":{"@id":"https:\/\/pinaroca.com\/#\/schema\/logo\/image\/"}}]}},"_links":{"self":[{"href":"https:\/\/pinaroca.com\/en\/wp-json\/wp\/v2\/pages\/212","targetHints":{"allow":["GET"]}}],"collection":[{"href":"https:\/\/pinaroca.com\/en\/wp-json\/wp\/v2\/pages"}],"about":[{"href":"https:\/\/pinaroca.com\/en\/wp-json\/wp\/v2\/types\/page"}],"author":[{"embeddable":true,"href":"https:\/\/pinaroca.com\/en\/wp-json\/wp\/v2\/users\/1"}],"replies":[{"embeddable":true,"href":"https:\/\/pinaroca.com\/en\/wp-json\/wp\/v2\/comments?post=212"}],"version-history":[{"count":65,"href":"https:\/\/pinaroca.com\/en\/wp-json\/wp\/v2\/pages\/212\/revisions"}],"predecessor-version":[{"id":649,"href":"https:\/\/pinaroca.com\/en\/wp-json\/wp\/v2\/pages\/212\/revisions\/649"}],"wp:attachment":[{"href":"https:\/\/pinaroca.com\/en\/wp-json\/wp\/v2\/media?parent=212"}],"curies":[{"name":"wp","href":"https:\/\/api.w.org\/{rel}","templated":true}]}}