{"id":118,"date":"2024-05-14T17:21:14","date_gmt":"2024-05-14T15:21:14","guid":{"rendered":"https:\/\/pinaroca.com\/?page_id=118"},"modified":"2024-07-25T11:44:03","modified_gmt":"2024-07-25T09:44:03","slug":"bienestar-animal","status":"publish","type":"page","link":"https:\/\/pinaroca.com\/en\/bienestar-animal\/","title":{"rendered":"BIENESTAR ANIMAL"},"content":{"rendered":"<div data-elementor-type=\"wp-page\" data-elementor-id=\"118\" class=\"elementor elementor-118\" data-elementor-post-type=\"page\">\n\t\t\t\t<div class=\"elementor-element elementor-element-81fbd73 e-flex e-con-boxed e-con e-parent\" data-id=\"81fbd73\" data-element_type=\"container\" data-settings=\"{&quot;background_background&quot;:&quot;classic&quot;}\">\n\t\t\t\t\t<div class=\"e-con-inner\">\n\t\t<div class=\"elementor-element elementor-element-ccf5ee3 e-flex e-con-boxed elementor-invisible e-con e-child\" data-id=\"ccf5ee3\" data-element_type=\"container\" data-settings=\"{&quot;animation&quot;:&quot;fadeInUp&quot;}\">\n\t\t\t\t\t<div class=\"e-con-inner\">\n\t\t\t\t<div class=\"elementor-element elementor-element-ad4c77e elementor-widget elementor-widget-text-editor\" data-id=\"ad4c77e\" data-element_type=\"widget\" data-widget_type=\"text-editor.default\">\n\t\t\t\t<div class=\"elementor-widget-container\">\n\t\t\t\t\t\t\t\t\t<p>NUESTRO COMPROMISO CON<\/p>\t\t\t\t\t\t\t\t<\/div>\n\t\t\t\t<\/div>\n\t\t\t\t<div class=\"elementor-element elementor-element-5215bdc elementor-widget elementor-widget-heading\" data-id=\"5215bdc\" data-element_type=\"widget\" data-widget_type=\"heading.default\">\n\t\t\t\t<div class=\"elementor-widget-container\">\n\t\t\t\t\t<h6 class=\"elementor-heading-title elementor-size-default\"><i>el Bienestar Animal<\/i><\/h6>\t\t\t\t<\/div>\n\t\t\t\t<\/div>\n\t\t\t\t\t<\/div>\n\t\t\t\t<\/div>\n\t\t<div class=\"elementor-element elementor-element-c1d99bf animated-slow e-flex e-con-boxed elementor-invisible e-con e-child\" data-id=\"c1d99bf\" data-element_type=\"container\" data-settings=\"{&quot;motion_fx_translateY_speed&quot;:{&quot;unit&quot;:&quot;px&quot;,&quot;size&quot;:0,&quot;sizes&quot;:[]},&quot;motion_fx_translateY_affectedRange&quot;:{&quot;unit&quot;:&quot;%&quot;,&quot;size&quot;:&quot;&quot;,&quot;sizes&quot;:{&quot;start&quot;:72,&quot;end&quot;:100}},&quot;animation&quot;:&quot;slideInUp&quot;,&quot;animation_delay&quot;:900,&quot;background_background&quot;:&quot;classic&quot;,&quot;motion_fx_motion_fx_scrolling&quot;:&quot;yes&quot;,&quot;motion_fx_translateY_effect&quot;:&quot;yes&quot;,&quot;motion_fx_devices&quot;:[&quot;desktop&quot;,&quot;tablet&quot;,&quot;mobile&quot;]}\">\n\t\t\t\t\t<div class=\"e-con-inner\">\n\t\t<div class=\"elementor-element elementor-element-d9dc924 e-grid e-con-boxed e-con e-child\" data-id=\"d9dc924\" data-element_type=\"container\">\n\t\t\t\t\t<div class=\"e-con-inner\">\n\t\t<div class=\"elementor-element elementor-element-467959d e-flex e-con-boxed e-con e-child\" data-id=\"467959d\" data-element_type=\"container\" data-settings=\"{&quot;background_background&quot;:&quot;classic&quot;,&quot;shape_divider_top&quot;:&quot;split&quot;}\">\n\t\t\t\t\t<div class=\"e-con-inner\">\n\t\t\t\t<div class=\"elementor-shape elementor-shape-top\" data-negative=\"false\">\n\t\t\t<svg xmlns=\"http:\/\/www.w3.org\/2000\/svg\" viewbox=\"0 0 1000 20\" preserveaspectratio=\"none\">\n\t<path class=\"elementor-shape-fill\" d=\"M0,0v3c0,0,393.8,0,483.4,0c9.2,0,16.6,7.4,16.6,16.6c0-9.1,7.4-16.6,16.6-16.6C606.2,3,1000,3,1000,3V0H0z\"\/>\n<\/svg>\t\t<\/div>\n\t\t\t\t<div class=\"elementor-element elementor-element-bbfcda5 elementor-widget elementor-widget-image\" data-id=\"bbfcda5\" data-element_type=\"widget\" data-widget_type=\"image.default\">\n\t\t\t\t<div class=\"elementor-widget-container\">\n\t\t\t\t\t\t\t\t\t\t\t\t\t\t\t<img fetchpriority=\"high\" decoding=\"async\" width=\"800\" height=\"800\" src=\"https:\/\/pinaroca.com\/wp-content\/uploads\/2024\/05\/COMPROMISO-1024x1024.png\" class=\"elementor-animation-pulse attachment-large size-large wp-image-140\" alt=\"Icono compromiso png\" srcset=\"https:\/\/pinaroca.com\/wp-content\/uploads\/2024\/05\/COMPROMISO-1024x1024.png 1024w, https:\/\/pinaroca.com\/wp-content\/uploads\/2024\/05\/COMPROMISO-300x300.png 300w, https:\/\/pinaroca.com\/wp-content\/uploads\/2024\/05\/COMPROMISO-150x150.png 150w, https:\/\/pinaroca.com\/wp-content\/uploads\/2024\/05\/COMPROMISO-768x768.png 768w, https:\/\/pinaroca.com\/wp-content\/uploads\/2024\/05\/COMPROMISO.png 1080w\" sizes=\"(max-width: 800px) 100vw, 800px\" \/>\t\t\t\t\t\t\t\t\t\t\t\t\t\t\t<\/div>\n\t\t\t\t<\/div>\n\t\t\t\t<div class=\"elementor-element elementor-element-6b910ff elementor-widget elementor-widget-heading\" data-id=\"6b910ff\" data-element_type=\"widget\" data-widget_type=\"heading.default\">\n\t\t\t\t<div class=\"elementor-widget-container\">\n\t\t\t\t\t<h2 class=\"elementor-heading-title elementor-size-default\">En Pinaroca, el bienestar animal es una prioridad absoluta y un compromiso que gu\u00eda todas nuestras acciones y decisiones. Creemos firmemente que los animales merecen ser tratados con respeto, dignidad y compasi\u00f3n en todo momento.<\/h2>\t\t\t\t<\/div>\n\t\t\t\t<\/div>\n\t\t\t\t\t<\/div>\n\t\t\t\t<\/div>\n\t\t<div class=\"elementor-element elementor-element-3d13c71 e-flex e-con-boxed e-con e-child\" data-id=\"3d13c71\" data-element_type=\"container\" data-settings=\"{&quot;background_background&quot;:&quot;classic&quot;,&quot;shape_divider_top&quot;:&quot;split&quot;}\">\n\t\t\t\t\t<div class=\"e-con-inner\">\n\t\t\t\t<div class=\"elementor-shape elementor-shape-top\" data-negative=\"false\">\n\t\t\t<svg xmlns=\"http:\/\/www.w3.org\/2000\/svg\" viewbox=\"0 0 1000 20\" preserveaspectratio=\"none\">\n\t<path class=\"elementor-shape-fill\" d=\"M0,0v3c0,0,393.8,0,483.4,0c9.2,0,16.6,7.4,16.6,16.6c0-9.1,7.4-16.6,16.6-16.6C606.2,3,1000,3,1000,3V0H0z\"\/>\n<\/svg>\t\t<\/div>\n\t\t\t\t<div class=\"elementor-element elementor-element-174e511 elementor-widget elementor-widget-image\" data-id=\"174e511\" data-element_type=\"widget\" data-widget_type=\"image.default\">\n\t\t\t\t<div class=\"elementor-widget-container\">\n\t\t\t\t\t\t\t\t\t\t\t\t\t\t\t<img decoding=\"async\" width=\"800\" height=\"800\" src=\"https:\/\/pinaroca.com\/wp-content\/uploads\/2024\/05\/ENTORNO-1024x1024.png\" class=\"elementor-animation-pulse attachment-large size-large wp-image-135\" alt=\"Icono entorno \u00e1rbol png\" srcset=\"https:\/\/pinaroca.com\/wp-content\/uploads\/2024\/05\/ENTORNO-1024x1024.png 1024w, https:\/\/pinaroca.com\/wp-content\/uploads\/2024\/05\/ENTORNO-300x300.png 300w, https:\/\/pinaroca.com\/wp-content\/uploads\/2024\/05\/ENTORNO-150x150.png 150w, https:\/\/pinaroca.com\/wp-content\/uploads\/2024\/05\/ENTORNO-768x768.png 768w, https:\/\/pinaroca.com\/wp-content\/uploads\/2024\/05\/ENTORNO.png 1080w\" sizes=\"(max-width: 800px) 100vw, 800px\" \/>\t\t\t\t\t\t\t\t\t\t\t\t\t\t\t<\/div>\n\t\t\t\t<\/div>\n\t\t\t\t<div class=\"elementor-element elementor-element-6909716 elementor-widget elementor-widget-heading\" data-id=\"6909716\" data-element_type=\"widget\" data-widget_type=\"heading.default\">\n\t\t\t\t<div class=\"elementor-widget-container\">\n\t\t\t\t\t<h2 class=\"elementor-heading-title elementor-size-default\">Nos esforzamos por crear un entorno donde nuestras ocas puedan prosperar y expresar sus comportamientos naturales. Tenemos un profundo respeto por la vida de nuestras ocas, reconociendo su derecho a vivir sin sufrimiento innecesario.<\/h2>\t\t\t\t<\/div>\n\t\t\t\t<\/div>\n\t\t\t\t\t<\/div>\n\t\t\t\t<\/div>\n\t\t<div class=\"elementor-element elementor-element-0ab11dc e-flex e-con-boxed e-con e-child\" data-id=\"0ab11dc\" data-element_type=\"container\" data-settings=\"{&quot;background_background&quot;:&quot;classic&quot;,&quot;shape_divider_top&quot;:&quot;split&quot;}\">\n\t\t\t\t\t<div class=\"e-con-inner\">\n\t\t\t\t<div class=\"elementor-shape elementor-shape-top\" data-negative=\"false\">\n\t\t\t<svg xmlns=\"http:\/\/www.w3.org\/2000\/svg\" viewbox=\"0 0 1000 20\" preserveaspectratio=\"none\">\n\t<path class=\"elementor-shape-fill\" d=\"M0,0v3c0,0,393.8,0,483.4,0c9.2,0,16.6,7.4,16.6,16.6c0-9.1,7.4-16.6,16.6-16.6C606.2,3,1000,3,1000,3V0H0z\"\/>\n<\/svg>\t\t<\/div>\n\t\t\t\t<div class=\"elementor-element elementor-element-a24ab05 elementor-widget elementor-widget-image\" data-id=\"a24ab05\" data-element_type=\"widget\" data-widget_type=\"image.default\">\n\t\t\t\t<div class=\"elementor-widget-container\">\n\t\t\t\t\t\t\t\t\t\t\t\t\t\t\t<img decoding=\"async\" width=\"800\" height=\"800\" src=\"https:\/\/pinaroca.com\/wp-content\/uploads\/2024\/05\/LAGUNA-Y-PINAR-1024x1024.png\" class=\"elementor-animation-pulse attachment-large size-large wp-image-136\" alt=\"Icono laguna y pinar png\" srcset=\"https:\/\/pinaroca.com\/wp-content\/uploads\/2024\/05\/LAGUNA-Y-PINAR-1024x1024.png 1024w, https:\/\/pinaroca.com\/wp-content\/uploads\/2024\/05\/LAGUNA-Y-PINAR-300x300.png 300w, https:\/\/pinaroca.com\/wp-content\/uploads\/2024\/05\/LAGUNA-Y-PINAR-150x150.png 150w, https:\/\/pinaroca.com\/wp-content\/uploads\/2024\/05\/LAGUNA-Y-PINAR-768x768.png 768w, https:\/\/pinaroca.com\/wp-content\/uploads\/2024\/05\/LAGUNA-Y-PINAR.png 1080w\" sizes=\"(max-width: 800px) 100vw, 800px\" \/>\t\t\t\t\t\t\t\t\t\t\t\t\t\t\t<\/div>\n\t\t\t\t<\/div>\n\t\t\t\t<div class=\"elementor-element elementor-element-1f82b76 elementor-widget elementor-widget-heading\" data-id=\"1f82b76\" data-element_type=\"widget\" data-widget_type=\"heading.default\">\n\t\t\t\t<div class=\"elementor-widget-container\">\n\t\t\t\t\t<h2 class=\"elementor-heading-title elementor-size-default\">Nuestra granja est\u00e1 dise\u00f1ada pensando en su bienestar, garantizando unas condiciones de vida adecuadas. Nuestras ocas se cr\u00edan al aire libre, en varias hect\u00e1reas de pradera y pinar, con una gran laguna donde disfrutan de su naturaleza acu\u00e1tica. <\/h2>\t\t\t\t<\/div>\n\t\t\t\t<\/div>\n\t\t\t\t\t<\/div>\n\t\t\t\t<\/div>\n\t\t<div class=\"elementor-element elementor-element-79ce63c e-flex e-con-boxed e-con e-child\" data-id=\"79ce63c\" data-element_type=\"container\" data-settings=\"{&quot;background_background&quot;:&quot;classic&quot;,&quot;shape_divider_top&quot;:&quot;split&quot;}\">\n\t\t\t\t\t<div class=\"e-con-inner\">\n\t\t\t\t<div class=\"elementor-shape elementor-shape-top\" data-negative=\"false\">\n\t\t\t<svg xmlns=\"http:\/\/www.w3.org\/2000\/svg\" viewbox=\"0 0 1000 20\" preserveaspectratio=\"none\">\n\t<path class=\"elementor-shape-fill\" d=\"M0,0v3c0,0,393.8,0,483.4,0c9.2,0,16.6,7.4,16.6,16.6c0-9.1,7.4-16.6,16.6-16.6C606.2,3,1000,3,1000,3V0H0z\"\/>\n<\/svg>\t\t<\/div>\n\t\t\t\t<div class=\"elementor-element elementor-element-02f819c elementor-widget elementor-widget-image\" data-id=\"02f819c\" data-element_type=\"widget\" data-widget_type=\"image.default\">\n\t\t\t\t<div class=\"elementor-widget-container\">\n\t\t\t\t\t\t\t\t\t\t\t\t\t\t\t<img loading=\"lazy\" decoding=\"async\" width=\"800\" height=\"800\" src=\"https:\/\/pinaroca.com\/wp-content\/uploads\/2024\/05\/PROTECCION-1024x1024.png\" class=\"elementor-animation-pulse attachment-large size-large wp-image-138\" alt=\"Icono protecci\u00f3n y seguridad png\" srcset=\"https:\/\/pinaroca.com\/wp-content\/uploads\/2024\/05\/PROTECCION-1024x1024.png 1024w, https:\/\/pinaroca.com\/wp-content\/uploads\/2024\/05\/PROTECCION-300x300.png 300w, https:\/\/pinaroca.com\/wp-content\/uploads\/2024\/05\/PROTECCION-150x150.png 150w, https:\/\/pinaroca.com\/wp-content\/uploads\/2024\/05\/PROTECCION-768x768.png 768w, https:\/\/pinaroca.com\/wp-content\/uploads\/2024\/05\/PROTECCION.png 1080w\" sizes=\"(max-width: 800px) 100vw, 800px\" \/>\t\t\t\t\t\t\t\t\t\t\t\t\t\t\t<\/div>\n\t\t\t\t<\/div>\n\t\t\t\t<div class=\"elementor-element elementor-element-0f363ce elementor-widget elementor-widget-heading\" data-id=\"0f363ce\" data-element_type=\"widget\" data-widget_type=\"heading.default\">\n\t\t\t\t<div class=\"elementor-widget-container\">\n\t\t\t\t\t<h2 class=\"elementor-heading-title elementor-size-default\">Cada noche, y con la \u00fanica intenci\u00f3n de proteger a nuestras ocas de alima\u00f1as y resto de depredadores, les proporcionamos un espacio cerrado amplio, limpio, c\u00f3modo y seguro donde pueden moverse libremente y descansar.\n<\/h2>\t\t\t\t<\/div>\n\t\t\t\t<\/div>\n\t\t\t\t\t<\/div>\n\t\t\t\t<\/div>\n\t\t<div class=\"elementor-element elementor-element-e9ae8e5 e-flex e-con-boxed e-con e-child\" data-id=\"e9ae8e5\" data-element_type=\"container\" data-settings=\"{&quot;background_background&quot;:&quot;classic&quot;,&quot;shape_divider_top&quot;:&quot;split&quot;}\">\n\t\t\t\t\t<div class=\"e-con-inner\">\n\t\t\t\t<div class=\"elementor-shape elementor-shape-top\" data-negative=\"false\">\n\t\t\t<svg xmlns=\"http:\/\/www.w3.org\/2000\/svg\" viewbox=\"0 0 1000 20\" preserveaspectratio=\"none\">\n\t<path class=\"elementor-shape-fill\" d=\"M0,0v3c0,0,393.8,0,483.4,0c9.2,0,16.6,7.4,16.6,16.6c0-9.1,7.4-16.6,16.6-16.6C606.2,3,1000,3,1000,3V0H0z\"\/>\n<\/svg>\t\t<\/div>\n\t\t\t\t<div class=\"elementor-element elementor-element-42f3c66 elementor-widget elementor-widget-image\" data-id=\"42f3c66\" data-element_type=\"widget\" data-widget_type=\"image.default\">\n\t\t\t\t<div class=\"elementor-widget-container\">\n\t\t\t\t\t\t\t\t\t\t\t\t\t\t\t<img loading=\"lazy\" decoding=\"async\" width=\"800\" height=\"800\" src=\"https:\/\/pinaroca.com\/wp-content\/uploads\/2024\/05\/NUTRICION-1024x1024.png\" class=\"elementor-animation-pulse attachment-large size-large wp-image-137\" alt=\"Icono nutrici\u00f3n png\" srcset=\"https:\/\/pinaroca.com\/wp-content\/uploads\/2024\/05\/NUTRICION-1024x1024.png 1024w, https:\/\/pinaroca.com\/wp-content\/uploads\/2024\/05\/NUTRICION-300x300.png 300w, https:\/\/pinaroca.com\/wp-content\/uploads\/2024\/05\/NUTRICION-150x150.png 150w, https:\/\/pinaroca.com\/wp-content\/uploads\/2024\/05\/NUTRICION-768x768.png 768w, https:\/\/pinaroca.com\/wp-content\/uploads\/2024\/05\/NUTRICION.png 1080w\" sizes=\"(max-width: 800px) 100vw, 800px\" \/>\t\t\t\t\t\t\t\t\t\t\t\t\t\t\t<\/div>\n\t\t\t\t<\/div>\n\t\t\t\t<div class=\"elementor-element elementor-element-2f3d9f0 elementor-widget elementor-widget-heading\" data-id=\"2f3d9f0\" data-element_type=\"widget\" data-widget_type=\"heading.default\">\n\t\t\t\t<div class=\"elementor-widget-container\">\n\t\t\t\t\t<h2 class=\"elementor-heading-title elementor-size-default\">Estamos comprometidos con la nutrici\u00f3n y salud de nuestros animales, proporcion\u00e1ndoles una dieta equilibrada y nutritiva, formulada por nuestros veterinarios y elaborada con los mejores cultivos de nuestra comarca.\n<\/h2>\t\t\t\t<\/div>\n\t\t\t\t<\/div>\n\t\t\t\t\t<\/div>\n\t\t\t\t<\/div>\n\t\t<div class=\"elementor-element elementor-element-bc465bc e-flex e-con-boxed e-con e-child\" data-id=\"bc465bc\" data-element_type=\"container\" data-settings=\"{&quot;background_background&quot;:&quot;classic&quot;,&quot;shape_divider_top&quot;:&quot;split&quot;}\">\n\t\t\t\t\t<div class=\"e-con-inner\">\n\t\t\t\t<div class=\"elementor-shape elementor-shape-top\" data-negative=\"false\">\n\t\t\t<svg xmlns=\"http:\/\/www.w3.org\/2000\/svg\" viewbox=\"0 0 1000 20\" preserveaspectratio=\"none\">\n\t<path class=\"elementor-shape-fill\" d=\"M0,0v3c0,0,393.8,0,483.4,0c9.2,0,16.6,7.4,16.6,16.6c0-9.1,7.4-16.6,16.6-16.6C606.2,3,1000,3,1000,3V0H0z\"\/>\n<\/svg>\t\t<\/div>\n\t\t\t\t<div class=\"elementor-element elementor-element-76ad0f9 elementor-widget elementor-widget-image\" data-id=\"76ad0f9\" data-element_type=\"widget\" data-widget_type=\"image.default\">\n\t\t\t\t<div class=\"elementor-widget-container\">\n\t\t\t\t\t\t\t\t\t\t\t\t\t\t\t<img loading=\"lazy\" decoding=\"async\" width=\"800\" height=\"800\" src=\"https:\/\/pinaroca.com\/wp-content\/uploads\/2024\/05\/RESPETO-1024x1024.png\" class=\"elementor-animation-pulse attachment-large size-large wp-image-139\" alt=\"Icono respeto mano con coraz\u00f3n png\" srcset=\"https:\/\/pinaroca.com\/wp-content\/uploads\/2024\/05\/RESPETO-1024x1024.png 1024w, https:\/\/pinaroca.com\/wp-content\/uploads\/2024\/05\/RESPETO-300x300.png 300w, https:\/\/pinaroca.com\/wp-content\/uploads\/2024\/05\/RESPETO-150x150.png 150w, https:\/\/pinaroca.com\/wp-content\/uploads\/2024\/05\/RESPETO-768x768.png 768w, https:\/\/pinaroca.com\/wp-content\/uploads\/2024\/05\/RESPETO.png 1080w\" sizes=\"(max-width: 800px) 100vw, 800px\" \/>\t\t\t\t\t\t\t\t\t\t\t\t\t\t\t<\/div>\n\t\t\t\t<\/div>\n\t\t\t\t<div class=\"elementor-element elementor-element-ad189ac elementor-widget elementor-widget-heading\" data-id=\"ad189ac\" data-element_type=\"widget\" data-widget_type=\"heading.default\">\n\t\t\t\t<div class=\"elementor-widget-container\">\n\t\t\t\t\t<h2 class=\"elementor-heading-title elementor-size-default\">Centramos nuestra actividad en un manejo respetuoso de nuestras ocas. Priorizamos m\u00e9todos de cuidado y respeto que minimizan el estr\u00e9s y el miedo, buscando siempre formas de mejorar nuestras pr\u00e1cticas.\n<\/h2>\t\t\t\t<\/div>\n\t\t\t\t<\/div>\n\t\t\t\t\t<\/div>\n\t\t\t\t<\/div>\n\t\t\t\t\t<\/div>\n\t\t\t\t<\/div>\n\t\t\t\t\t<\/div>\n\t\t\t\t<\/div>\n\t\t\t\t\t<\/div>\n\t\t\t\t<\/div>\n\t\t\t\t<\/div>","protected":false},"excerpt":{"rendered":"<p>NUESTRO COMPROMISO CON el Bienestar Animal En Pinaroca, el bienestar animal es una prioridad absoluta y un compromiso que gu\u00eda todas nuestras acciones y decisiones. Creemos firmemente que los animales merecen ser tratados con respeto, dignidad y compasi\u00f3n en todo momento. Nos esforzamos por crear un entorno donde nuestras ocas puedan prosperar y expresar sus [&hellip;]<\/p>","protected":false},"author":1,"featured_media":0,"parent":0,"menu_order":0,"comment_status":"closed","ping_status":"closed","template":"","meta":{"iawp_total_views":327,"footnotes":""},"class_list":["post-118","page","type-page","status-publish","hentry"],"yoast_head":"<!-- This site is optimized with the Yoast SEO plugin v24.5 - https:\/\/yoast.com\/wordpress\/plugins\/seo\/ -->\n<title>BIENESTAR ANIMAL - Pinaroca<\/title>\n<meta name=\"description\" content=\"En Pinaroca, el bienestar animal es una prioridad absoluta y un compromiso que gu\u00eda todas nuestras acciones y decisiones.\" \/>\n<meta name=\"robots\" content=\"index, follow, max-snippet:-1, max-image-preview:large, max-video-preview:-1\" \/>\n<link rel=\"canonical\" href=\"https:\/\/pinaroca.com\/en\/bienestar-animal\/\" \/>\n<meta property=\"og:locale\" content=\"en_GB\" \/>\n<meta property=\"og:type\" content=\"article\" \/>\n<meta property=\"og:title\" content=\"BIENESTAR ANIMAL - Pinaroca\" \/>\n<meta property=\"og:description\" content=\"En Pinaroca, el bienestar animal es una prioridad absoluta y un compromiso que gu\u00eda todas nuestras acciones y decisiones.\" \/>\n<meta property=\"og:url\" content=\"https:\/\/pinaroca.com\/en\/bienestar-animal\/\" \/>\n<meta property=\"og:site_name\" content=\"Pinaroca\" \/>\n<meta property=\"article:modified_time\" content=\"2024-07-25T09:44:03+00:00\" \/>\n<meta property=\"og:image\" content=\"https:\/\/pinaroca.com\/wp-content\/uploads\/2024\/05\/COMPROMISO-1024x1024.png\" \/>\n<meta name=\"twitter:card\" content=\"summary_large_image\" \/>\n<meta name=\"twitter:label1\" content=\"Estimated reading time\" \/>\n\t<meta name=\"twitter:data1\" content=\"3 minutes\" \/>\n<script type=\"application\/ld+json\" class=\"yoast-schema-graph\">{\"@context\":\"https:\/\/schema.org\",\"@graph\":[{\"@type\":\"WebPage\",\"@id\":\"https:\/\/pinaroca.com\/bienestar-animal\/\",\"url\":\"https:\/\/pinaroca.com\/bienestar-animal\/\",\"name\":\"BIENESTAR ANIMAL - Pinaroca\",\"isPartOf\":{\"@id\":\"https:\/\/pinaroca.com\/#website\"},\"primaryImageOfPage\":{\"@id\":\"https:\/\/pinaroca.com\/bienestar-animal\/#primaryimage\"},\"image\":{\"@id\":\"https:\/\/pinaroca.com\/bienestar-animal\/#primaryimage\"},\"thumbnailUrl\":\"https:\/\/pinaroca.com\/wp-content\/uploads\/2024\/05\/COMPROMISO-1024x1024.png\",\"datePublished\":\"2024-05-14T15:21:14+00:00\",\"dateModified\":\"2024-07-25T09:44:03+00:00\",\"description\":\"En Pinaroca, el bienestar animal es una prioridad absoluta y un compromiso que gu\u00eda todas nuestras acciones y decisiones.\",\"breadcrumb\":{\"@id\":\"https:\/\/pinaroca.com\/bienestar-animal\/#breadcrumb\"},\"inLanguage\":\"en-GB\",\"potentialAction\":[{\"@type\":\"ReadAction\",\"target\":[\"https:\/\/pinaroca.com\/bienestar-animal\/\"]}]},{\"@type\":\"ImageObject\",\"inLanguage\":\"en-GB\",\"@id\":\"https:\/\/pinaroca.com\/bienestar-animal\/#primaryimage\",\"url\":\"https:\/\/pinaroca.com\/wp-content\/uploads\/2024\/05\/COMPROMISO-1024x1024.png\",\"contentUrl\":\"https:\/\/pinaroca.com\/wp-content\/uploads\/2024\/05\/COMPROMISO-1024x1024.png\"},{\"@type\":\"BreadcrumbList\",\"@id\":\"https:\/\/pinaroca.com\/bienestar-animal\/#breadcrumb\",\"itemListElement\":[{\"@type\":\"ListItem\",\"position\":1,\"name\":\"Portada\",\"item\":\"https:\/\/pinaroca.com\/\"},{\"@type\":\"ListItem\",\"position\":2,\"name\":\"BIENESTAR ANIMAL\"}]},{\"@type\":\"WebSite\",\"@id\":\"https:\/\/pinaroca.com\/#website\",\"url\":\"https:\/\/pinaroca.com\/\",\"name\":\"Pinaroca\",\"description\":\"\",\"publisher\":{\"@id\":\"https:\/\/pinaroca.com\/#organization\"},\"potentialAction\":[{\"@type\":\"SearchAction\",\"target\":{\"@type\":\"EntryPoint\",\"urlTemplate\":\"https:\/\/pinaroca.com\/?s={search_term_string}\"},\"query-input\":{\"@type\":\"PropertyValueSpecification\",\"valueRequired\":true,\"valueName\":\"search_term_string\"}}],\"inLanguage\":\"en-GB\"},{\"@type\":\"Organization\",\"@id\":\"https:\/\/pinaroca.com\/#organization\",\"name\":\"Pinaroca\",\"url\":\"https:\/\/pinaroca.com\/\",\"logo\":{\"@type\":\"ImageObject\",\"inLanguage\":\"en-GB\",\"@id\":\"https:\/\/pinaroca.com\/#\/schema\/logo\/image\/\",\"url\":\"https:\/\/pinaroca.com\/wp-content\/uploads\/2024\/04\/AAFF-LOGO-PINAROCA-13-1.png\",\"contentUrl\":\"https:\/\/pinaroca.com\/wp-content\/uploads\/2024\/04\/AAFF-LOGO-PINAROCA-13-1.png\",\"width\":4500,\"height\":794,\"caption\":\"Pinaroca\"},\"image\":{\"@id\":\"https:\/\/pinaroca.com\/#\/schema\/logo\/image\/\"}}]}<\/script>\n<!-- \/ Yoast SEO plugin. -->","yoast_head_json":{"title":"BIENESTAR ANIMAL - Pinaroca","description":"En Pinaroca, el bienestar animal es una prioridad absoluta y un compromiso que gu\u00eda todas nuestras acciones y decisiones.","robots":{"index":"index","follow":"follow","max-snippet":"max-snippet:-1","max-image-preview":"max-image-preview:large","max-video-preview":"max-video-preview:-1"},"canonical":"https:\/\/pinaroca.com\/en\/bienestar-animal\/","og_locale":"en_GB","og_type":"article","og_title":"BIENESTAR ANIMAL - Pinaroca","og_description":"En Pinaroca, el bienestar animal es una prioridad absoluta y un compromiso que gu\u00eda todas nuestras acciones y decisiones.","og_url":"https:\/\/pinaroca.com\/en\/bienestar-animal\/","og_site_name":"Pinaroca","article_modified_time":"2024-07-25T09:44:03+00:00","og_image":[{"url":"https:\/\/pinaroca.com\/wp-content\/uploads\/2024\/05\/COMPROMISO-1024x1024.png","type":"","width":"","height":""}],"twitter_card":"summary_large_image","twitter_misc":{"Estimated reading time":"3 minutes"},"schema":{"@context":"https:\/\/schema.org","@graph":[{"@type":"WebPage","@id":"https:\/\/pinaroca.com\/bienestar-animal\/","url":"https:\/\/pinaroca.com\/bienestar-animal\/","name":"BIENESTAR ANIMAL - Pinaroca","isPartOf":{"@id":"https:\/\/pinaroca.com\/#website"},"primaryImageOfPage":{"@id":"https:\/\/pinaroca.com\/bienestar-animal\/#primaryimage"},"image":{"@id":"https:\/\/pinaroca.com\/bienestar-animal\/#primaryimage"},"thumbnailUrl":"https:\/\/pinaroca.com\/wp-content\/uploads\/2024\/05\/COMPROMISO-1024x1024.png","datePublished":"2024-05-14T15:21:14+00:00","dateModified":"2024-07-25T09:44:03+00:00","description":"En Pinaroca, el bienestar animal es una prioridad absoluta y un compromiso que gu\u00eda todas nuestras acciones y decisiones.","breadcrumb":{"@id":"https:\/\/pinaroca.com\/bienestar-animal\/#breadcrumb"},"inLanguage":"en-GB","potentialAction":[{"@type":"ReadAction","target":["https:\/\/pinaroca.com\/bienestar-animal\/"]}]},{"@type":"ImageObject","inLanguage":"en-GB","@id":"https:\/\/pinaroca.com\/bienestar-animal\/#primaryimage","url":"https:\/\/pinaroca.com\/wp-content\/uploads\/2024\/05\/COMPROMISO-1024x1024.png","contentUrl":"https:\/\/pinaroca.com\/wp-content\/uploads\/2024\/05\/COMPROMISO-1024x1024.png"},{"@type":"BreadcrumbList","@id":"https:\/\/pinaroca.com\/bienestar-animal\/#breadcrumb","itemListElement":[{"@type":"ListItem","position":1,"name":"Portada","item":"https:\/\/pinaroca.com\/"},{"@type":"ListItem","position":2,"name":"BIENESTAR ANIMAL"}]},{"@type":"WebSite","@id":"https:\/\/pinaroca.com\/#website","url":"https:\/\/pinaroca.com\/","name":"Pinaroca","description":"","publisher":{"@id":"https:\/\/pinaroca.com\/#organization"},"potentialAction":[{"@type":"SearchAction","target":{"@type":"EntryPoint","urlTemplate":"https:\/\/pinaroca.com\/?s={search_term_string}"},"query-input":{"@type":"PropertyValueSpecification","valueRequired":true,"valueName":"search_term_string"}}],"inLanguage":"en-GB"},{"@type":"Organization","@id":"https:\/\/pinaroca.com\/#organization","name":"Pinaroca","url":"https:\/\/pinaroca.com\/","logo":{"@type":"ImageObject","inLanguage":"en-GB","@id":"https:\/\/pinaroca.com\/#\/schema\/logo\/image\/","url":"https:\/\/pinaroca.com\/wp-content\/uploads\/2024\/04\/AAFF-LOGO-PINAROCA-13-1.png","contentUrl":"https:\/\/pinaroca.com\/wp-content\/uploads\/2024\/04\/AAFF-LOGO-PINAROCA-13-1.png","width":4500,"height":794,"caption":"Pinaroca"},"image":{"@id":"https:\/\/pinaroca.com\/#\/schema\/logo\/image\/"}}]}},"_links":{"self":[{"href":"https:\/\/pinaroca.com\/en\/wp-json\/wp\/v2\/pages\/118","targetHints":{"allow":["GET"]}}],"collection":[{"href":"https:\/\/pinaroca.com\/en\/wp-json\/wp\/v2\/pages"}],"about":[{"href":"https:\/\/pinaroca.com\/en\/wp-json\/wp\/v2\/types\/page"}],"author":[{"embeddable":true,"href":"https:\/\/pinaroca.com\/en\/wp-json\/wp\/v2\/users\/1"}],"replies":[{"embeddable":true,"href":"https:\/\/pinaroca.com\/en\/wp-json\/wp\/v2\/comments?post=118"}],"version-history":[{"count":74,"href":"https:\/\/pinaroca.com\/en\/wp-json\/wp\/v2\/pages\/118\/revisions"}],"predecessor-version":[{"id":698,"href":"https:\/\/pinaroca.com\/en\/wp-json\/wp\/v2\/pages\/118\/revisions\/698"}],"wp:attachment":[{"href":"https:\/\/pinaroca.com\/en\/wp-json\/wp\/v2\/media?parent=118"}],"curies":[{"name":"wp","href":"https:\/\/api.w.org\/{rel}","templated":true}]}}